{"id":2396,"date":"2017-06-18T11:33:57","date_gmt":"2017-06-18T08:33:57","guid":{"rendered":"http:\/\/www.mamarosa.fi\/blog\/?page_id=2396"},"modified":"2018-07-24T10:56:28","modified_gmt":"2018-07-24T07:56:28","slug":"reseptit","status":"publish","type":"page","link":"http:\/\/www.mamarosa.fi\/blog\/?page_id=2396","title":{"rendered":"Reseptit"},"content":{"rendered":"<p>Chef Lotina laittaa ruokaa Mamarosassa. V\u00e4lill\u00e4 ateriat on huolella suunniteltu johonkin teemaan. Toisinaan ruokaa valmistetaan siit\u00e4, mit\u00e4 yll\u00e4tt\u00e4en l\u00f6ytyy pentterin kaapeista.<\/p>\n<p>&nbsp;<\/p>\n<p><a href=\"http:\/\/www.mamarosa.fi\/blog\/?p=1178\">Arnon herkkupasta<\/a><\/p>\n<p><a href=\"http:\/\/www.mamarosa.fi\/blog\/?p=109\">Buffalo Wingssit veneess\u00e4<\/a><\/p>\n<p><a href=\"http:\/\/www.mamarosa.fi\/blog\/?p=2106\">Brushetta<\/a><\/p>\n<p><a href=\"http:\/\/www.mamarosa.fi\/blog\/?p=486\">B\u00e4tsk\u00e4rsn\u00e4sin chorizopasta<\/a><\/p>\n<p><a href=\"http:\/\/www.mamarosa.fi\/blog\/?p=2702\" aria-label=\"Muokkaa \u201cAskareita ja camembert-pastaa\u201d\">Camembert-pasta<\/a><\/p>\n<p><a href=\"http:\/\/www.mamarosa.fi\/blog\/?p=253\">Dagen efter-voileiv\u00e4t<\/a><\/p>\n<p><a href=\"http:\/\/www.mamarosa.fi\/blog\/?p=329\">Haru Kyabetsu No Salada \/ \u6625\u30ad\u30e3\u30d9\u30c4\u306e\u30b5\u30e9\u30c0\/ Kev\u00e4tkaalisalaatti<\/a><\/p>\n<p><a href=\"http:\/\/www.mamarosa.fi\/blog\/?p=3358\">Hellep\u00e4iv\u00e4n nachodippi<\/a><\/p>\n<p><a href=\"http:\/\/www.mamarosa.fi\/blog\/?p=207\">It\u00e4maan pullat<\/a><\/p>\n<p><a href=\"http:\/\/www.mamarosa.fi\/blog\/?p=141\">J\u00e4ttikatkat anistwist<\/a><\/p>\n<p><a href=\"http:\/\/www.mamarosa.fi\/blog\/?p=1805\">Kanaa ja couscous<\/a><\/p>\n<p><a href=\"http:\/\/www.mamarosa.fi\/blog\/?p=395\">Kanttarellikeitto<\/a><\/p>\n<p><a href=\"http:\/\/www.mamarosa.fi\/blog\/?p=1394\">Karitsacouscous<\/a><\/p>\n<p><a href=\"http:\/\/www.mamarosa.fi\/blog\/?p=160\">Kreikkalainen pitapitsa<\/a><\/p>\n<p><a href=\"http:\/\/www.mamarosa.fi\/blog\/?p=253\">Kristiinan savusiikasalaatti<\/a><\/p>\n<p><a href=\"http:\/\/www.mamarosa.fi\/blog\/?p=1146\">Kylm\u00e4savulohi-avokaadopasta<\/a><\/p>\n<p><a href=\"http:\/\/www.mamarosa.fi\/blog\/?p=1498\">Kylm\u00e4savulohikakku<\/a><\/p>\n<p><a href=\"http:\/\/www.mamarosa.fi\/blog\/?p=614\">Kylm\u00e4savuporojuustokeitto<\/a><\/p>\n<p><a href=\"http:\/\/www.mamarosa.fi\/blog\/?p=2900\">Kylym\u00e4 katkarapukastike<\/a><\/p>\n<p><a href=\"http:\/\/www.mamarosa.fi\/blog\/?p=409\">Kylym\u00e4savulohipasta<\/a><\/p>\n<p><a href=\"http:\/\/www.mamarosa.fi\/blog\/?p=2418\">Liksk\u00e4rin kookoskana<\/a><\/p>\n<p><a href=\"http:\/\/www.mamarosa.fi\/blog\/?p=441\">Liksk\u00e4rin simpukkapasta<\/a><\/p>\n<p><a href=\"http:\/\/www.mamarosa.fi\/blog\/?p=253\">L\u00e4mmin lis\u00e4ke pihivilihalle<\/a><\/p>\n<p><a href=\"http:\/\/www.mamarosa.fi\/blog\/?p=253\">Mainiot muikut<\/a><\/p>\n<p><a href=\"http:\/\/www.mamarosa.fi\/blog\/?p=329\">Omuraisu<\/a><\/p>\n<p><a href=\"http:\/\/www.mamarosa.fi\/blog\/?p=3402\">Parmesaanipotut<\/a><\/p>\n<p><a href=\"http:\/\/www.mamarosa.fi\/blog\/?p=315\">Pestoperunat eli pestopotut<\/a><\/p>\n<p><a href=\"http:\/\/www.mamarosa.fi\/blog\/?p=3014\">Pimientos de padron<\/a><\/p>\n<p><a href=\"http:\/\/www.mamarosa.fi\/blog\/?p=1938\">P\u00e4\u00e4ryn\u00e4etanat<\/a><\/p>\n<p><a href=\"http:\/\/www.mamarosa.fi\/blog\/?p=934\">Red curry kannaa<\/a><\/p>\n<p><a href=\"http:\/\/www.mamarosa.fi\/blog\/?p=1027\">Savuahvensalaatti<\/a><\/p>\n<p><a href=\"http:\/\/www.mamarosa.fi\/blog\/?p=2106\">Serranokinkkua ja rucolaa<\/a><\/p>\n<p><a href=\"http:\/\/www.mamarosa.fi\/blog\/?p=1672\">Savuinen lis\u00e4ke Tennesee-pihveille<\/a><\/p>\n<p><a href=\"http:\/\/www.mamarosa.fi\/blog\/?p=2321\">Savulohipasta<\/a><\/p>\n<p><a href=\"http:\/\/www.mamarosa.fi\/blog\/?p=190\">Shakshoukan l\u00e4mp\u00f6\u00e4 koleaan p\u00e4iv\u00e4\u00e4n<\/a><\/p>\n<p><a href=\"http:\/\/www.mamarosa.fi\/blog\/?p=1056\">Svin\u00f6ran tortilla<\/a><\/p>\n<p><a href=\"http:\/\/www.mamarosa.fi\/blog\/?p=670\">Tattikeitto<\/a><\/p>\n<p><a href=\"http:\/\/www.mamarosa.fi\/blog\/?p=356\">Tonnikalapiiras<\/a><\/p>\n<p><a href=\"http:\/\/www.mamarosa.fi\/blog\/?p=2106\">Tortilla<\/a><\/p>\n<p><a href=\"http:\/\/www.mamarosa.fi\/blog\/?p=582\">Tsatsiki<\/a><\/p>\n<p><a href=\"http:\/\/www.mamarosa.fi\/blog\/?p=329\">T\u00e4yvellinen Teriyaki ja kahen paatin kanat<\/a><\/p>\n<p><a href=\"http:\/\/www.mamarosa.fi\/blog\/?p=3014\">Uunietanat<\/a><\/p>\n<p><a href=\"http:\/\/www.mamarosa.fi\/blog\/?p=1481\">Yhden y\u00f6n lohikeitto<\/a><\/p>\n<p><a href=\"http:\/\/www.mamarosa.fi\/blog\/?p=1041\">Yhenlainen pastasalaatti<\/a><\/p>\n","protected":false},"excerpt":{"rendered":"<p>Chef Lotina laittaa ruokaa Mamarosassa. V\u00e4lill\u00e4 ateriat on huolella suunniteltu johonkin teemaan. Toisinaan ruokaa valmistetaan siit\u00e4, mit\u00e4 yll\u00e4tt\u00e4en l\u00f6ytyy pentterin kaapeista. &nbsp; Arnon herkkupasta Buffalo Wingssit veneess\u00e4 Brushetta B\u00e4tsk\u00e4rsn\u00e4sin chorizopasta Camembert-pasta Dagen efter-voileiv\u00e4t Haru Kyabetsu No Salada \/ \u6625\u30ad\u30e3\u30d9\u30c4\u306e\u30b5\u30e9\u30c0\/ Kev\u00e4tkaalisalaatti Hellep\u00e4iv\u00e4n nachodippi It\u00e4maan pullat J\u00e4ttikatkat anistwist Kanaa ja couscous Kanttarellikeitto Karitsacouscous Kreikkalainen pitapitsa Kristiinan savusiikasalaatti [&hellip;]<\/p>\n","protected":false},"author":2,"featured_media":0,"parent":0,"menu_order":0,"comment_status":"closed","ping_status":"closed","template":"","meta":{"_mi_skip_tracking":false},"jetpack_sharing_enabled":true,"jetpack_shortlink":"https:\/\/wp.me\/P5Jzdp-CE","_links":{"self":[{"href":"http:\/\/www.mamarosa.fi\/blog\/index.php?rest_route=\/wp\/v2\/pages\/2396"}],"collection":[{"href":"http:\/\/www.mamarosa.fi\/blog\/index.php?rest_route=\/wp\/v2\/pages"}],"about":[{"href":"http:\/\/www.mamarosa.fi\/blog\/index.php?rest_route=\/wp\/v2\/types\/page"}],"author":[{"embeddable":true,"href":"http:\/\/www.mamarosa.fi\/blog\/index.php?rest_route=\/wp\/v2\/users\/2"}],"replies":[{"embeddable":true,"href":"http:\/\/www.mamarosa.fi\/blog\/index.php?rest_route=%2Fwp%2Fv2%2Fcomments&post=2396"}],"version-history":[{"count":19,"href":"http:\/\/www.mamarosa.fi\/blog\/index.php?rest_route=\/wp\/v2\/pages\/2396\/revisions"}],"predecessor-version":[{"id":3409,"href":"http:\/\/www.mamarosa.fi\/blog\/index.php?rest_route=\/wp\/v2\/pages\/2396\/revisions\/3409"}],"wp:attachment":[{"href":"http:\/\/www.mamarosa.fi\/blog\/index.php?rest_route=%2Fwp%2Fv2%2Fmedia&parent=2396"}],"curies":[{"name":"wp","href":"https:\/\/api.w.org\/{rel}","templated":true}]}}