{"id":3525,"date":"2020-11-20T10:31:26","date_gmt":"2020-11-20T08:31:26","guid":{"rendered":"http:\/\/www.mamarosa.fi\/blog\/?page_id=3525"},"modified":"2022-07-24T18:51:33","modified_gmt":"2022-07-24T15:51:33","slug":"etusivu","status":"publish","type":"page","link":"https:\/\/www.mamarosa.fi\/blog\/","title":{"rendered":""},"content":{"rendered":"<p><a href=\"http:\/\/www.mamarosa.fi\/blog\/?page_id=2396\"><img loading=\"lazy\" class=\"alignnone wp-image-2486 size-thumbnail\" src=\"http:\/\/www.mamarosa.fi\/blog\/wp-content\/uploads\/2016\/08\/20160809b-150x150.jpeg\" alt=\"\" width=\"150\" height=\"150\" \/>\u00a0Chef Lotinan herkullisia reseptej\u00e4. Kokeile\u00a0\u00bb<\/a><\/p>\n<p><a href=\"http:\/\/www.mamarosa.fi\/blog\/?page_id=3529\"><img loading=\"lazy\" class=\"alignnone wp-image-2141 size-thumbnail\" src=\"http:\/\/www.mamarosa.fi\/blog\/wp-content\/uploads\/2015\/08\/11864929_10207517710611229_7291833185368202818_o-150x150.jpg\" alt=\"\" width=\"150\" height=\"150\" \/> S\/Y Mamarosan purjehdukset 2013-18.\u00a0Lue \u00bb<\/a><\/p>\n<p>S\/Y Mamarosa purjehtii edelleen. S\u00e4\u00e4nn\u00f6llinen blogikirjan kirjoittaminen seikkailuistamme on ainakin toistaiseksi tauolla. Katsotaan, palaammeko kirjoittamaan viel\u00e4 reissuista, ruuasta tai jostakin muusta.<\/p>\n","protected":false},"excerpt":{"rendered":"<p>\u00a0Chef Lotinan herkullisia reseptej\u00e4. Kokeile\u00a0\u00bb S\/Y Mamarosan purjehdukset 2013-18.\u00a0Lue \u00bb S\/Y Mamarosa purjehtii edelleen. S\u00e4\u00e4nn\u00f6llinen blogikirjan kirjoittaminen seikkailuistamme on ainakin toistaiseksi tauolla. Katsotaan, palaammeko kirjoittamaan viel\u00e4 reissuista, ruuasta tai jostakin muusta.<\/p>\n","protected":false},"author":2,"featured_media":0,"parent":0,"menu_order":0,"comment_status":"closed","ping_status":"closed","template":"","meta":{"_mi_skip_tracking":false},"jetpack_sharing_enabled":true,"jetpack_shortlink":"https:\/\/wp.me\/P5Jzdp-UR","_links":{"self":[{"href":"https:\/\/www.mamarosa.fi\/blog\/index.php?rest_route=\/wp\/v2\/pages\/3525"}],"collection":[{"href":"https:\/\/www.mamarosa.fi\/blog\/index.php?rest_route=\/wp\/v2\/pages"}],"about":[{"href":"https:\/\/www.mamarosa.fi\/blog\/index.php?rest_route=\/wp\/v2\/types\/page"}],"author":[{"embeddable":true,"href":"https:\/\/www.mamarosa.fi\/blog\/index.php?rest_route=\/wp\/v2\/users\/2"}],"replies":[{"embeddable":true,"href":"https:\/\/www.mamarosa.fi\/blog\/index.php?rest_route=%2Fwp%2Fv2%2Fcomments&post=3525"}],"version-history":[{"count":39,"href":"https:\/\/www.mamarosa.fi\/blog\/index.php?rest_route=\/wp\/v2\/pages\/3525\/revisions"}],"predecessor-version":[{"id":3588,"href":"https:\/\/www.mamarosa.fi\/blog\/index.php?rest_route=\/wp\/v2\/pages\/3525\/revisions\/3588"}],"wp:attachment":[{"href":"https:\/\/www.mamarosa.fi\/blog\/index.php?rest_route=%2Fwp%2Fv2%2Fmedia&parent=3525"}],"curies":[{"name":"wp","href":"https:\/\/api.w.org\/{rel}","templated":true}]}}